{"id":2987,"date":"2024-04-19T09:09:36","date_gmt":"2024-04-19T13:09:36","guid":{"rendered":"https:\/\/clubgolfexpress.ca\/forfaits\/"},"modified":"2026-01-27T15:29:09","modified_gmt":"2026-01-27T20:29:09","slug":"packages","status":"publish","type":"page","link":"https:\/\/clubgolfexpress.ca\/en\/packages\/","title":{"rendered":"Packages"},"content":{"rendered":"\t\t<div data-elementor-type=\"wp-post\" data-elementor-id=\"2987\" class=\"elementor elementor-2987 elementor-2709\" data-elementor-post-type=\"page\">\n\t\t\t\t\t\t<section class=\"elementor-section elementor-top-section elementor-element elementor-element-6b2ed49c elementor-section-height-min-height elementor-section-full_width elementor-section-height-default elementor-section-items-middle elementor-invisible\" data-id=\"6b2ed49c\" data-element_type=\"section\" data-settings=\"{&quot;background_background&quot;:&quot;classic&quot;,&quot;animation&quot;:&quot;fadeIn&quot;}\">\n\t\t\t\t\t\t\t<div class=\"elementor-background-overlay\"><\/div>\n\t\t\t\t\t\t\t<div class=\"elementor-container elementor-column-gap-default\">\n\t\t\t\t\t<div class=\"elementor-column elementor-col-100 elementor-top-column elementor-element elementor-element-54724838\" data-id=\"54724838\" data-element_type=\"column\">\n\t\t\t<div class=\"elementor-widget-wrap elementor-element-populated\">\n\t\t\t\t\t\t<div class=\"elementor-element elementor-element-497a0221 elementor-view-default elementor-position-top elementor-invisible elementor-widget elementor-widget-themo-header\" data-id=\"497a0221\" data-element_type=\"widget\" data-settings=\"{&quot;_animation&quot;:&quot;fadeInUp&quot;,&quot;_animation_delay&quot;:&quot;600&quot;}\" data-widget_type=\"themo-header.default\">\n\t\t\t\t<div class=\"elementor-widget-container\">\n\t\t\t\t\t\t\t<div class=\"th-header-wrap\">\n        <div class=\"elementor-icon-box-wrapper \">\n                            <div class=\"elementor-icon-box-content\">\n                    <h2 class=\"elementor-icon-box-title\">\n                        Packages                    <\/h2>\n                                        <p class=\"elementor-icon-box-description\"><\/p>\n\n                                    <\/div>\n            <\/div>\n\n        <\/div>\n\n\t\t\t\t\t\t<\/div>\n\t\t\t\t<\/div>\n\t\t\t\t\t<\/div>\n\t\t<\/div>\n\t\t\t\t\t<\/div>\n\t\t<\/section>\n\t\t<div class=\"elementor-element elementor-element-76e6dad e-flex e-con-boxed e-con e-parent\" data-id=\"76e6dad\" data-element_type=\"container\">\n\t\t\t\t\t<div class=\"e-con-inner\">\n\t\t<div class=\"elementor-element elementor-element-1658e2b e-con-full e-flex e-con e-child\" data-id=\"1658e2b\" data-element_type=\"container\">\n\t\t\t\t<div class=\"elementor-element elementor-element-3da6d1b elementor-widget elementor-widget-heading\" data-id=\"3da6d1b\" data-element_type=\"widget\" data-widget_type=\"heading.default\">\n\t\t\t\t<div class=\"elementor-widget-container\">\n\t\t\t\t\t<h3 class=\"elementor-heading-title elementor-size-default\"><a href=\"https:\/\/clubgolfexpress.ca\/nos-installations\/terrain-de-pratique\/\">Driving range<\/a><\/h3>\t\t\t\t<\/div>\n\t\t\t\t<\/div>\n\t\t<div class=\"elementor-element elementor-element-513c8b1 e-flex e-con-boxed e-con e-child\" data-id=\"513c8b1\" data-element_type=\"container\">\n\t\t\t\t\t<div class=\"e-con-inner\">\n\t\t<div class=\"elementor-element elementor-element-d16ce01 e-flex e-con-boxed e-con e-child\" data-id=\"d16ce01\" data-element_type=\"container\">\n\t\t\t\t\t<div class=\"e-con-inner\">\n\t\t\t\t<div class=\"elementor-element elementor-element-c950690 elementor-widget elementor-widget-text-editor\" data-id=\"c950690\" data-element_type=\"widget\" data-widget_type=\"text-editor.default\">\n\t\t\t\t<div class=\"elementor-widget-container\">\n\t\t\t\t\t\t\t\t\tCome to practise your long game in our driving range deserving of American practice centers. Located 20 minutes from Montreal and less than 10 minutes from The Quartier Dix30, movement is worth!\t\t\t\t\t\t\t\t<\/div>\n\t\t\t\t<\/div>\n\t\t\t\t\t<\/div>\n\t\t\t\t<\/div>\n\t\t<div class=\"elementor-element elementor-element-9f32851 e-flex e-con-boxed e-con e-child\" data-id=\"9f32851\" data-element_type=\"container\">\n\t\t\t\t\t<div class=\"e-con-inner\">\n\t\t\t\t<div class=\"elementor-element elementor-element-7570ff3 elementor-widget__width-initial table-tarifs elementor-widget elementor-widget-text-editor\" data-id=\"7570ff3\" data-element_type=\"widget\" data-widget_type=\"text-editor.default\">\n\t\t\t\t<div class=\"elementor-widget-container\">\n\t\t\t\t\t\t\t\t\t<table style=\"border-collapse: collapse;width: 100.84%\"><tbody><tr><td style=\"width: 71.8487%\">Small basket (40-45 balls)<\/td><td style=\"width: 30.4344%;text-align: center\"><strong>$10.00<\/strong><\/td><\/tr><tr><td style=\"width: 71.8487%\">Medium basket (80-85 balls)<\/td><td style=\"width: 30.4344%;text-align: center\"><strong>$15.00<\/strong><\/td><\/tr><tr><td style=\"width: 71.8487%\">Large basket (125 balls)<\/td><td style=\"width: 30.4344%;text-align: center\"><strong>$17.25<\/strong><\/td><\/tr><\/tbody><\/table>\t\t\t\t\t\t\t\t<\/div>\n\t\t\t\t<\/div>\n\t\t\t\t\t<\/div>\n\t\t\t\t<\/div>\n\t\t\t\t\t<\/div>\n\t\t\t\t<\/div>\n\t\t<div class=\"elementor-element elementor-element-a2712f9 e-flex e-con-boxed e-con e-child\" data-id=\"a2712f9\" data-element_type=\"container\">\n\t\t\t\t\t<div class=\"e-con-inner\">\n\t\t\t\t\t<\/div>\n\t\t\t\t<\/div>\n\t\t<div class=\"elementor-element elementor-element-f5127ad e-con-full e-flex e-con e-child\" data-id=\"f5127ad\" data-element_type=\"container\">\n\t\t\t\t<div class=\"elementor-element elementor-element-336fe7b elementor-widget elementor-widget-heading\" data-id=\"336fe7b\" data-element_type=\"widget\" data-widget_type=\"heading.default\">\n\t\t\t\t<div class=\"elementor-widget-container\">\n\t\t\t\t\t<h2 class=\"elementor-heading-title elementor-size-default\"><a href=\"https:\/\/clubgolfexpress.ca\/nos-installations\/section-aire-de-pratique-rive-sud\/\">Combo Short game &amp; Driving range <\/a><\/h2>\t\t\t\t<\/div>\n\t\t\t\t<\/div>\n\t\t<div class=\"elementor-element elementor-element-7dfde94 e-flex e-con-boxed e-con e-child\" data-id=\"7dfde94\" data-element_type=\"container\">\n\t\t\t\t\t<div class=\"e-con-inner\">\n\t\t<div class=\"elementor-element elementor-element-c207b66 e-con-full e-flex e-con e-child\" data-id=\"c207b66\" data-element_type=\"container\">\n\t\t\t\t<div class=\"elementor-element elementor-element-6893e5a elementor-hidden-widescreen elementor-hidden-desktop elementor-hidden-laptop elementor-hidden-tablet_extra elementor-hidden-tablet elementor-hidden-mobile_extra elementor-hidden-mobile elementor-widget elementor-widget-text-editor\" data-id=\"6893e5a\" data-element_type=\"widget\" data-widget_type=\"text-editor.default\">\n\t\t\t\t<div class=\"elementor-widget-container\">\n\t\t\t\t\t\t\t\t\t<p>Le Club de Golf l\u2019Express est un parcours de golf normale 35 id\u00e9al pour\u00a0vous exercer en situation de jeu.<\/p><p>Notre terrain de golf de 11 trous par 3&amp;4 ressemble davantage \u00e0 un parcours pleine distance avec ses lacs, trappes de sables et verts de qualit\u00e9.<\/p><p>Les verts sont en gazon de type \u00abBentgrass\u00bb et le parcours rencontre toutes les normes de la USGA.<\/p><p><strong>Venez jouer une ronde apr\u00e8s avoir frapp\u00e9 un panier de balle ou apr\u00e8s le travail!<\/strong><\/p>\t\t\t\t\t\t\t\t<\/div>\n\t\t\t\t<\/div>\n\t\t\t\t<div class=\"elementor-element elementor-element-4d75dfc elementor-grid-1 elementor-grid-tablet-1 elementor-grid-mobile-1 horizontal-layout elementor-products-grid elementor-wc-products elementor-widget elementor-widget-woocommerce-products\" data-id=\"4d75dfc\" data-element_type=\"widget\" data-widget_type=\"woocommerce-products.default\">\n\t\t\t\t<div class=\"elementor-widget-container\">\n\t\t\t\t\t<div class=\"woocommerce columns-1 \"><ul class=\"products elementor-grid columns-1\">\n<li class=\"product type-product post-2527 status-publish first instock product_cat-packages has-post-thumbnail taxable shipping-taxable purchasable product-type-simple\">\n\t<a href=\"https:\/\/clubgolfexpress.ca\/en\/product\/package-combo-10\/\" class=\"woocommerce-LoopProduct-link woocommerce-loop-product__link\"><div class=\"product-image-wrapper\"><img fetchpriority=\"high\" decoding=\"async\" width=\"300\" height=\"300\" src=\"https:\/\/clubgolfexpress.ca\/wp-content\/uploads\/2023\/12\/green-modif-3-1-300x300.jpg\" class=\"attachment-woocommerce_thumbnail size-woocommerce_thumbnail\" alt=\"Balles de golf sur un green\" srcset=\"https:\/\/clubgolfexpress.ca\/wp-content\/uploads\/2023\/12\/green-modif-3-1-300x300.jpg 300w, https:\/\/clubgolfexpress.ca\/wp-content\/uploads\/2023\/12\/green-modif-3-1-150x150.jpg 150w, https:\/\/clubgolfexpress.ca\/wp-content\/uploads\/2023\/12\/green-modif-3-1-394x394.jpg 394w, https:\/\/clubgolfexpress.ca\/wp-content\/uploads\/2023\/12\/green-modif-3-1-605x605.jpg 605w, https:\/\/clubgolfexpress.ca\/wp-content\/uploads\/2023\/12\/green-modif-3-1-100x100.jpg 100w\" sizes=\"(max-width: 300px) 100vw, 300px\" \/><\/div><h2 class=\"woocommerce-loop-product__title\">Package Combo 10<\/h2>\n\t<span class=\"price\"><span class=\"woocommerce-Price-amount amount\"><bdi><span class=\"woocommerce-Price-currencySymbol\">&#36;<\/span>299.00<\/bdi><\/span><\/span>\n<\/a><a href=\"\/en\/wp-json\/wp\/v2\/pages\/2987?add-to-cart=2527\" aria-describedby=\"woocommerce_loop_add_to_cart_link_describedby_2527\" data-quantity=\"1\" class=\"button product_type_simple add_to_cart_button ajax_add_to_cart\" data-product_id=\"2527\" data-product_sku=\"\" aria-label=\"Add to cart: &ldquo;Package Combo 10&rdquo;\" rel=\"nofollow\" data-success_message=\"&ldquo;Package Combo 10&rdquo; has been added to your cart\">Add to cart<\/a>\t<span id=\"woocommerce_loop_add_to_cart_link_describedby_2527\" class=\"screen-reader-text\">\n\t\t\t<\/span>\n<\/li>\n<\/ul>\n<\/div>\t\t\t\t<\/div>\n\t\t\t\t<\/div>\n\t\t\t\t<\/div>\n\t\t<div class=\"elementor-element elementor-element-bdc28f3 e-flex e-con-boxed e-con e-child\" data-id=\"bdc28f3\" data-element_type=\"container\">\n\t\t\t\t\t<div class=\"e-con-inner\">\n\t\t\t\t<div class=\"elementor-element elementor-element-8648ab8 elementor-widget__width-initial table-tarifs elementor-widget elementor-widget-text-editor\" data-id=\"8648ab8\" data-element_type=\"widget\" data-widget_type=\"text-editor.default\">\n\t\t\t\t<div class=\"elementor-widget-container\">\n\t\t\t\t\t\t\t\t\t<table style=\"border-collapse: collapse;width: 100%\"><tbody><tr><td style=\"width: 33.7741%\">Combo package 10<\/td><td style=\"width: 17.1974%;text-align: center\"><strong>299$<\/strong><\/td><td style=\"width: 49.0284%\">10 medium baskets (85 balls) and 10 x 60 min of short game<\/td><\/tr><tr><td style=\"width: 33.7741%\">Medium baskets package<\/td><td style=\"width: 17.1974%;text-align: center\"><p>\u00a0<strong>279$<\/strong><\/p><p style=\"text-align: center\"><strong>529$<\/strong><\/p><\/td><td style=\"width: 49.0284%\"><p>20 medium baskets (85 balls)<\/p><p>40 medium baskets (85 balls)<\/p><\/td><\/tr><tr><td style=\"width: 33.7741%\">Big baskets package<\/td><td style=\"width: 17.1974%;text-align: center\"><p><strong>319$<\/strong><\/p><p><strong>619$<\/strong><\/p><\/td><td style=\"width: 49.0284%\"><p>20 large baskets (125 balls)<\/p><p>40 large baskets (125 balls)<\/p><\/td><\/tr><tr><td style=\"width: 33.7741%\">10 games\u00a0package<\/td><td style=\"width: 17.1974%;text-align: center\"><strong>179$<\/strong><\/td><td style=\"width: 49.0284%\">10 games anytime<\/td><\/tr><\/tbody><\/table>\t\t\t\t\t\t\t\t<\/div>\n\t\t\t\t<\/div>\n\t\t\t\t\t<\/div>\n\t\t\t\t<\/div>\n\t\t\t\t\t<\/div>\n\t\t\t\t<\/div>\n\t\t\t\t<\/div>\n\t\t\t\t<div class=\"elementor-element elementor-element-f17ed81 elementor-widget elementor-widget-heading\" data-id=\"f17ed81\" data-element_type=\"widget\" data-widget_type=\"heading.default\">\n\t\t\t\t<div class=\"elementor-widget-container\">\n\t\t\t\t\t<h3 class=\"elementor-heading-title elementor-size-default\"><a href=\"https:\/\/clubgolfexpress.ca\/nos-installations\/terrain-de-pratique\/\">11 holes course\n<\/a><\/h3>\t\t\t\t<\/div>\n\t\t\t\t<\/div>\n\t\t<div class=\"elementor-element elementor-element-74e080a e-flex e-con-boxed e-con e-child\" data-id=\"74e080a\" data-element_type=\"container\">\n\t\t\t\t\t<div class=\"e-con-inner\">\n\t\t<div class=\"elementor-element elementor-element-c4434d7 e-con-full e-flex e-con e-child\" data-id=\"c4434d7\" data-element_type=\"container\">\n\t\t\t\t<div class=\"elementor-element elementor-element-c42587e elementor-widget elementor-widget-text-editor\" data-id=\"c42587e\" data-element_type=\"widget\" data-widget_type=\"text-editor.default\">\n\t\t\t\t<div class=\"elementor-widget-container\">\n\t\t\t\t\t\t\t\t\t<p>Club de Golf L\u2019Express is the ideal par 35 course to exercise yourself in game situation.<\/p><p>Our par 3&amp;4 11 holes track is more like a full distance golf course with its lakes, sand traps and quality greens.<\/p><p>Greens are in \u2018\u2019Bentgrass\u2019\u2019 type grass and the course meets all USGA norms.<\/p><p><strong>Come to play a round after practising or after work!<\/strong><\/p>\t\t\t\t\t\t\t\t<\/div>\n\t\t\t\t<\/div>\n\t\t\t\t<div class=\"elementor-element elementor-element-a7b1c54 elementor-grid-1 elementor-grid-mobile-1 horizontal-layout elementor-grid-tablet-3 elementor-products-grid elementor-wc-products elementor-widget elementor-widget-woocommerce-products\" data-id=\"a7b1c54\" data-element_type=\"widget\" data-widget_type=\"woocommerce-products.default\">\n\t\t\t\t<div class=\"elementor-widget-container\">\n\t\t\t\t\t<div class=\"woocommerce columns-1 \"><ul class=\"products elementor-grid columns-1\">\n<li class=\"product type-product post-2522 status-publish first instock product_cat-packages has-post-thumbnail taxable shipping-taxable purchasable product-type-simple\">\n\t<a href=\"https:\/\/clubgolfexpress.ca\/en\/product\/10-rounds-package\/\" class=\"woocommerce-LoopProduct-link woocommerce-loop-product__link\"><div class=\"product-image-wrapper\"><img decoding=\"async\" width=\"300\" height=\"300\" src=\"https:\/\/clubgolfexpress.ca\/wp-content\/uploads\/2023\/12\/slider-04-300x300.jpg\" class=\"attachment-woocommerce_thumbnail size-woocommerce_thumbnail\" alt=\"10 Rounds package\" srcset=\"https:\/\/clubgolfexpress.ca\/wp-content\/uploads\/2023\/12\/slider-04-300x300.jpg 300w, https:\/\/clubgolfexpress.ca\/wp-content\/uploads\/2023\/12\/slider-04-150x150.jpg 150w, https:\/\/clubgolfexpress.ca\/wp-content\/uploads\/2023\/12\/slider-04-394x394.jpg 394w, https:\/\/clubgolfexpress.ca\/wp-content\/uploads\/2023\/12\/slider-04-605x605.jpg 605w, https:\/\/clubgolfexpress.ca\/wp-content\/uploads\/2023\/12\/slider-04-100x100.jpg 100w\" sizes=\"(max-width: 300px) 100vw, 300px\" \/><\/div><h2 class=\"woocommerce-loop-product__title\">10 Rounds package<\/h2>\n\t<span class=\"price\"><span class=\"woocommerce-Price-amount amount\"><bdi><span class=\"woocommerce-Price-currencySymbol\">&#36;<\/span>179.00<\/bdi><\/span><\/span>\n<\/a><a href=\"\/en\/wp-json\/wp\/v2\/pages\/2987?add-to-cart=2522\" aria-describedby=\"woocommerce_loop_add_to_cart_link_describedby_2522\" data-quantity=\"1\" class=\"button product_type_simple add_to_cart_button ajax_add_to_cart\" data-product_id=\"2522\" data-product_sku=\"\" aria-label=\"Add to cart: &ldquo;10 Rounds package&rdquo;\" rel=\"nofollow\" data-success_message=\"&ldquo;10 Rounds package&rdquo; has been added to your cart\">Add to cart<\/a>\t<span id=\"woocommerce_loop_add_to_cart_link_describedby_2522\" class=\"screen-reader-text\">\n\t\t\t<\/span>\n<\/li>\n<\/ul>\n<\/div>\t\t\t\t<\/div>\n\t\t\t\t<\/div>\n\t\t\t\t<\/div>\n\t\t<div class=\"elementor-element elementor-element-e169cbc e-flex e-con-boxed e-con e-child\" data-id=\"e169cbc\" data-element_type=\"container\">\n\t\t\t\t\t<div class=\"e-con-inner\">\n\t\t\t\t<div class=\"elementor-element elementor-element-17cbc51 elementor-widget__width-initial table-tarifs elementor-widget elementor-widget-text-editor\" data-id=\"17cbc51\" data-element_type=\"widget\" data-widget_type=\"text-editor.default\">\n\t\t\t\t<div class=\"elementor-widget-container\">\n\t\t\t\t\t\t\t\t\t<table style=\"border-collapse: collapse; width: 100%; height: 216px;\"><tbody><tr style=\"height: 24px;\"><td style=\"width: 63.9014%; height: 24px;\">In Week<\/td><td style=\"width: 36.0986%; height: 24px; text-align: center;\"><strong>$22,00<\/strong><br \/><strong>jr-$14.00<\/strong><\/td><\/tr><tr style=\"height: 24px;\"><td style=\"width: 63.9014%; height: 24px;\">Weekend &amp; Holidays<\/td><td style=\"width: 36.0986%; height: 24px; text-align: center;\"><strong>$24.00<\/strong><br \/><strong>jr-$15.00<\/strong><\/td><\/tr><tr style=\"height: 24px;\"><td style=\"width: 63.9014%; height: 24px;\">Anytime after 2:00 p.m.<\/td><td style=\"width: 36.0986%; height: 24px; text-align: center;\"><strong>$18.00<\/strong><br \/><strong>jr-$12.50<\/strong><\/td><\/tr><tr style=\"height: 24px;\"><td style=\"width: 63.9014%; height: 24px;\">Senior Special<br \/>(Wednesday)<\/td><td style=\"width: 36.0986%; height: 24px; text-align: center;\"><strong>$18.00<\/strong><\/td><\/tr><tr style=\"height: 24px;\"><td style=\"width: 63.9014%; height: 24px;\">Ladies Special<br \/>(Tuesday)<\/td><td style=\"width: 36.0986%; height: 24px; text-align: center;\"><strong>$18.00<\/strong><\/td><\/tr><tr style=\"height: 24px;\"><td style=\"width: 63.9014%; height: 24px;\">Family\u00a0Special<br \/>(2 adults and 2 jr)<\/td><td style=\"width: 36.0986%; height: 24px; text-align: center;\"><strong>week-$60.00<\/strong><br \/><strong>weekend &amp; Holidays $65.00<\/strong><\/td><\/tr><\/tbody><\/table>\t\t\t\t\t\t\t\t<\/div>\n\t\t\t\t<\/div>\n\t\t\t\t\t<\/div>\n\t\t\t\t<\/div>\n\t\t\t\t\t<\/div>\n\t\t\t\t<\/div>\n\t\t\t\t<\/div>\n\t\t\t\t\t<\/div>\n\t\t\t\t<\/div>\n\t\t\t\t<\/div>\n\t\t","protected":false},"excerpt":{"rendered":"<p>Driving range Come to practise your long game in our driving range deserving of American practice centers. Located 20 minutes from Montreal and less than 10 minutes from The Quartier Dix30, movement is worth! Small basket (40-45 balls) $10.00 Medium &hellip; <a href=\"https:\/\/clubgolfexpress.ca\/en\/packages\/\">Read More<\/a><\/p>\n","protected":false},"author":1,"featured_media":0,"parent":0,"menu_order":26,"comment_status":"closed","ping_status":"closed","template":"","meta":{"inline_featured_image":false,"footnotes":""},"class_list":["post-2987","page","type-page","status-publish","hentry"],"_links":{"self":[{"href":"https:\/\/clubgolfexpress.ca\/en\/wp-json\/wp\/v2\/pages\/2987","targetHints":{"allow":["GET"]}}],"collection":[{"href":"https:\/\/clubgolfexpress.ca\/en\/wp-json\/wp\/v2\/pages"}],"about":[{"href":"https:\/\/clubgolfexpress.ca\/en\/wp-json\/wp\/v2\/types\/page"}],"author":[{"embeddable":true,"href":"https:\/\/clubgolfexpress.ca\/en\/wp-json\/wp\/v2\/users\/1"}],"replies":[{"embeddable":true,"href":"https:\/\/clubgolfexpress.ca\/en\/wp-json\/wp\/v2\/comments?post=2987"}],"version-history":[{"count":25,"href":"https:\/\/clubgolfexpress.ca\/en\/wp-json\/wp\/v2\/pages\/2987\/revisions"}],"predecessor-version":[{"id":4838,"href":"https:\/\/clubgolfexpress.ca\/en\/wp-json\/wp\/v2\/pages\/2987\/revisions\/4838"}],"wp:attachment":[{"href":"https:\/\/clubgolfexpress.ca\/en\/wp-json\/wp\/v2\/media?parent=2987"}],"curies":[{"name":"wp","href":"https:\/\/api.w.org\/{rel}","templated":true}]}}